{"id":40040,"date":"2021-05-02T13:29:11","date_gmt":"2021-05-02T11:29:11","guid":{"rendered":"https:\/\/www.pentestfactory.de\/news\/"},"modified":"2024-04-05T17:00:55","modified_gmt":"2024-04-05T15:00:55","slug":"articles","status":"publish","type":"page","link":"https:\/\/www.pentestfactory.de\/en\/articles\/","title":{"rendered":"News"},"content":{"rendered":"\t\t<div data-elementor-type=\"wp-page\" data-elementor-id=\"40040\" class=\"elementor elementor-40040 elementor-5255\" data-elementor-post-type=\"page\">\n\t\t\t\t\t\t<section data-eae-particle=\"{\n  &quot;particles&quot;: {\n    &quot;number&quot;: {\n      &quot;value&quot;: 25,\n      &quot;density&quot;: {\n        &quot;enable&quot;: true,\n        &quot;value_area&quot;: 800\n      }\n    },\n    &quot;color&quot;: {\n      &quot;value&quot;: &quot;#ffffff&quot;\n    },\n    &quot;shape&quot;: {\n      &quot;type&quot;: &quot;circle&quot;,\n      &quot;stroke&quot;: {\n        &quot;width&quot;: 0,\n        &quot;color&quot;: &quot;#000000&quot;\n      },\n      &quot;polygon&quot;: {\n        &quot;nb_sides&quot;: 5\n      },\n      &quot;image&quot;: {\n        &quot;src&quot;: &quot;img\/github.svg&quot;,\n        &quot;width&quot;: 100,\n        &quot;height&quot;: 100\n      }\n    },\n    &quot;opacity&quot;: {\n      &quot;value&quot;: 0.5,\n      &quot;random&quot;: false,\n      &quot;anim&quot;: {\n        &quot;enable&quot;: false,\n        &quot;speed&quot;: 1,\n        &quot;opacity_min&quot;: 0.1,\n        &quot;sync&quot;: false\n      }\n    },\n    &quot;size&quot;: {\n      &quot;value&quot;: 3,\n      &quot;random&quot;: true,\n      &quot;anim&quot;: {\n        &quot;enable&quot;: false,\n        &quot;speed&quot;: 40,\n        &quot;size_min&quot;: 0.1,\n        &quot;sync&quot;: false\n      }\n    },\n    &quot;line_linked&quot;: {\n      &quot;enable&quot;: true,\n      &quot;distance&quot;: 150,\n      &quot;color&quot;: &quot;#ffffff&quot;,\n      &quot;opacity&quot;: 0.4,\n      &quot;width&quot;: 1\n    },\n    &quot;move&quot;: {\n      &quot;enable&quot;: true,\n      &quot;speed&quot;: 6,\n      &quot;direction&quot;: &quot;none&quot;,\n      &quot;random&quot;: false,\n      &quot;straight&quot;: false,\n      &quot;out_mode&quot;: &quot;out&quot;,\n      &quot;bounce&quot;: false,\n      &quot;attract&quot;: {\n        &quot;enable&quot;: false,\n        &quot;rotateX&quot;: 600,\n        &quot;rotateY&quot;: 1200\n      }\n    }\n  },\n  &quot;interactivity&quot;: {\n    &quot;detect_on&quot;: &quot;canvas&quot;,\n    &quot;events&quot;: {\n      &quot;onhover&quot;: {\n        &quot;enable&quot;: true,\n        &quot;mode&quot;: &quot;repulse&quot;\n      },\n      &quot;onclick&quot;: {\n        &quot;enable&quot;: true,\n        &quot;mode&quot;: &quot;push&quot;\n      },\n      &quot;resize&quot;: true\n    },\n    &quot;modes&quot;: {\n      &quot;grab&quot;: {\n        &quot;distance&quot;: 400,\n        &quot;line_linked&quot;: {\n          &quot;opacity&quot;: 1\n        }\n      },\n      &quot;bubble&quot;: {\n        &quot;distance&quot;: 400,\n        &quot;size&quot;: 40,\n        &quot;duration&quot;: 2,\n        &quot;opacity&quot;: 8,\n        &quot;speed&quot;: 3\n      },\n      &quot;repulse&quot;: {\n        &quot;distance&quot;: 200,\n        &quot;duration&quot;: 0.4\n      },\n      &quot;push&quot;: {\n        &quot;particles_nb&quot;: 4\n      },\n      &quot;remove&quot;: {\n        &quot;particles_nb&quot;: 2\n      }\n    }\n  },\n  &quot;retina_detect&quot;: true\n}\" class=\"has_eae_slider elementor-section elementor-top-section elementor-element elementor-element-347eb3e elementor-section-content-middle elementor-section-stretched eae-particle-yes elementor-section-boxed elementor-section-height-default elementor-section-height-default\" data-eae-slider=\"41718\" data-id=\"347eb3e\" data-element_type=\"section\" data-e-type=\"section\" data-settings=\"{&quot;background_background&quot;:&quot;classic&quot;,&quot;stretch_section&quot;:&quot;section-stretched&quot;,&quot;shape_divider_top&quot;:&quot;tilt&quot;,&quot;shape_divider_bottom&quot;:&quot;tilt&quot;,&quot;ekit_has_onepagescroll_dot&quot;:&quot;yes&quot;}\">\n\t\t\t\t\t\t\t<div class=\"elementor-background-overlay\"><\/div>\n\t\t\t\t\t\t<div class=\"elementor-shape elementor-shape-top\" aria-hidden=\"true\" data-negative=\"false\">\n\t\t\t<svg xmlns=\"http:\/\/www.w3.org\/2000\/svg\" viewBox=\"0 0 1000 100\" preserveAspectRatio=\"none\">\n\t<path class=\"elementor-shape-fill\" d=\"M0,6V0h1000v100L0,6z\"\/>\n<\/svg>\t\t<\/div>\n\t\t\t\t<div class=\"elementor-shape elementor-shape-bottom\" aria-hidden=\"true\" data-negative=\"false\">\n\t\t\t<svg xmlns=\"http:\/\/www.w3.org\/2000\/svg\" viewBox=\"0 0 1000 100\" preserveAspectRatio=\"none\">\n\t<path class=\"elementor-shape-fill\" d=\"M0,6V0h1000v100L0,6z\"\/>\n<\/svg>\t\t<\/div>\n\t\t\t\t\t<div class=\"elementor-container elementor-column-gap-no\">\n\t\t\t\t\t<div class=\"has_eae_slider elementor-column elementor-col-100 elementor-top-column elementor-element elementor-element-73e3d457\" data-eae-slider=\"31535\" data-id=\"73e3d457\" data-element_type=\"column\" data-e-type=\"column\">\n\t\t\t<div class=\"elementor-widget-wrap elementor-element-populated\">\n\t\t\t\t\t\t<div class=\"elementor-element elementor-element-6f9b13b3 elementor-widget-divider--view-line elementor-invisible elementor-widget elementor-widget-divider\" data-id=\"6f9b13b3\" data-element_type=\"widget\" data-e-type=\"widget\" data-settings=\"{&quot;_animation&quot;:&quot;fadeInUp&quot;,&quot;ekit_we_effect_on&quot;:&quot;none&quot;}\" data-widget_type=\"divider.default\">\n\t\t\t\t<div class=\"elementor-widget-container\">\n\t\t\t\t\t\t\t<div class=\"elementor-divider\">\n\t\t\t<span class=\"elementor-divider-separator\">\n\t\t\t\t\t\t<\/span>\n\t\t<\/div>\n\t\t\t\t\t\t<\/div>\n\t\t\t\t<\/div>\n\t\t\t\t<div class=\"elementor-element elementor-element-75ea1626 elementor-widget elementor-widget-heading\" data-id=\"75ea1626\" data-element_type=\"widget\" data-e-type=\"widget\" data-settings=\"{&quot;ekit_we_effect_on&quot;:&quot;none&quot;}\" data-widget_type=\"heading.default\">\n\t\t\t\t<div class=\"elementor-widget-container\">\n\t\t\t\t\t<h1 class=\"elementor-heading-title elementor-size-xxl\">News &amp; Specialist Articles<\/h1>\t\t\t\t<\/div>\n\t\t\t\t<\/div>\n\t\t\t\t<div class=\"elementor-element elementor-element-1d979f83 elementor-invisible elementor-widget elementor-widget-text-editor\" data-id=\"1d979f83\" data-element_type=\"widget\" data-e-type=\"widget\" data-settings=\"{&quot;_animation&quot;:&quot;fadeIn&quot;,&quot;ekit_we_effect_on&quot;:&quot;none&quot;}\" data-widget_type=\"text-editor.default\">\n\t\t\t\t<div class=\"elementor-widget-container\">\n\t\t\t\t\t\t\t\t\t<p>We regularly publish news and specialist articles with insights into Pentest Factory and general developments in the field of penetration testing and cyber security. <\/p>\n\t\t\t\t\t\t\t\t<\/div>\n\t\t\t\t<\/div>\n\t\t\t\t\t<\/div>\n\t\t<\/div>\n\t\t\t\t\t<\/div>\n\t\t<\/section>\n\t\t\t\t<section class=\"has_eae_slider elementor-section elementor-top-section elementor-element elementor-element-7602a39 elementor-section-boxed elementor-section-height-default elementor-section-height-default\" data-eae-slider=\"89430\" data-id=\"7602a39\" data-element_type=\"section\" data-e-type=\"section\" data-settings=\"{&quot;ekit_has_onepagescroll_dot&quot;:&quot;yes&quot;}\">\n\t\t\t\t\t\t<div class=\"elementor-container elementor-column-gap-default\">\n\t\t\t\t\t<div class=\"has_eae_slider elementor-column elementor-col-100 elementor-top-column elementor-element elementor-element-2b21efb\" data-eae-slider=\"59444\" data-id=\"2b21efb\" data-element_type=\"column\" data-e-type=\"column\">\n\t\t\t<div class=\"elementor-widget-wrap elementor-element-populated\">\n\t\t\t\t\t\t<div class=\"elementor-element elementor-element-ba09770 elementor-widget elementor-widget-raven-posts\" data-id=\"ba09770\" data-element_type=\"widget\" data-e-type=\"widget\" data-settings=\"{&quot;classic_columns&quot;:&quot;2&quot;,&quot;query_posts_per_page&quot;:4,&quot;classic_show_pagination&quot;:&quot;yes&quot;,&quot;classic_pagination_type&quot;:&quot;infinite_load&quot;,&quot;_skin&quot;:&quot;classic&quot;,&quot;classic_layout&quot;:&quot;grid&quot;,&quot;classic_columns_tablet&quot;:&quot;2&quot;,&quot;classic_columns_mobile&quot;:&quot;1&quot;,&quot;query_offset&quot;:0,&quot;ekit_we_effect_on&quot;:&quot;none&quot;}\" data-widget_type=\"raven-posts.classic\">\n\t\t\t\t<div class=\"elementor-widget-container\">\n\t\t\t\t\t\t\t<div class=\"raven-posts raven-grid raven-grid-2 raven-grid-mobile-1 raven-grid-tablet-2\" data-post-id=\"40040\" data-archive-query=\"\" data-lang=\"\">\n\t\t\t\t<div class=\"raven-grid-item raven-post-item post-44311 post type-post status-publish format-standard has-post-thumbnail hentry category-fachartikel\">\n\t\t\t<div class=\"raven-post\">\n\t\t\t\t\t\t\t\t<div class=\"raven-post-content\">\n\t\t\t\t\t<h4 class=\"raven-post-title\"><a class=\"raven-post-title-link\" href=\"https:\/\/www.pentestfactory.de\/en\/the-importance-of-osint\/\">The importance of OSINT<\/a><\/h4>\t\t<div class=\"raven-post-meta\"><a class=\"raven-post-meta-item raven-post-date\" href=\"https:\/\/www.pentestfactory.de\/en\/2025\/07\/\" rel=\"bookmark\">30. July 2025<\/a>\n<span class=\"raven-post-meta-divider\">\/\/<\/span>\n<span class=\"raven-post-meta-item raven-post-categories\"><a href=\"https:\/\/www.pentestfactory.de\/fachartikel\/\" rel=\"tag\">Fachartikel<\/a><\/span><\/div>\n\t\t<div class=\"raven-post-excerpt\">At a time when cyber attacks are becoming more sophisticated and targeted every day, a holistic view of your own IT attack surface is essential. Many companies already invest in regular penetration tests to check their systems and applications for vulnerabilities. \n\nHowever, what is often overlooked: The first step of a real attacker is usually not active scanning, but passive information gathering. Also known as Open Source Intelligence (OSINT) or Passive Reconnaissance. <\/div>\t\t<div class=\"raven-post-read-more\">\n\t\t\t<a class=\"raven-post-button\" href=\"https:\/\/www.pentestfactory.de\/en\/the-importance-of-osint\/\"><span class=\"raven-post-button-text\">Weiterlesen<\/span><\/a>\n\t\t<\/div>\n\t\t\t\t\t\t<\/div>\n\t\t\t<\/div>\n\t\t<\/div>\n\t\t\t\t<div class=\"raven-grid-item raven-post-item post-43652 post type-post status-publish format-standard has-post-thumbnail hentry category-news-en\">\n\t\t\t<div class=\"raven-post\">\n\t\t\t\t\t\t\t\t<div class=\"raven-post-content\">\n\t\t\t\t\t<h4 class=\"raven-post-title\"><a class=\"raven-post-title-link\" href=\"https:\/\/www.pentestfactory.de\/en\/vaulticx-transfer-data-easily-aber-sicher\/\">vaulticx &#8211; Transfer data easily. But secure!<\/a><\/h4>\t\t<div class=\"raven-post-meta\"><a class=\"raven-post-meta-item raven-post-date\" href=\"https:\/\/www.pentestfactory.de\/en\/2024\/07\/\" rel=\"bookmark\">6. July 2024<\/a>\n<span class=\"raven-post-meta-divider\">\/\/<\/span>\n<span class=\"raven-post-meta-item raven-post-categories\"><a href=\"https:\/\/www.pentestfactory.de\/en\/news-en\/\" rel=\"tag\">News<\/a><\/span><\/div>\n\t\t<div class=\"raven-post-excerpt\">Secure communication on the Internet doesn't have to be complicated. The vaulticx platform from our sister company, tacticx Development GmbH, combines ease of use and maximum security in a single solution. After over a year of development, we are proud to announce the release of the platform. Start your 14-day test phase now.<\/div>\t\t<div class=\"raven-post-read-more\">\n\t\t\t<a class=\"raven-post-button\" href=\"https:\/\/www.pentestfactory.de\/en\/vaulticx-transfer-data-easily-aber-sicher\/\"><span class=\"raven-post-button-text\">Weiterlesen<\/span><\/a>\n\t\t<\/div>\n\t\t\t\t\t\t<\/div>\n\t\t\t<\/div>\n\t\t<\/div>\n\t\t\t\t<div class=\"raven-grid-item raven-post-item post-42712 post type-post status-publish format-standard has-post-thumbnail hentry category-specialist-article\">\n\t\t\t<div class=\"raven-post\">\n\t\t\t\t\t\t\t\t<div class=\"raven-post-content\">\n\t\t\t\t\t<h4 class=\"raven-post-title\"><a class=\"raven-post-title-link\" href=\"https:\/\/www.pentestfactory.de\/en\/5-errors-in-pentest-results\/\">5 errors in pentest results<\/a><\/h4>\t\t<div class=\"raven-post-meta\"><a class=\"raven-post-meta-item raven-post-date\" href=\"https:\/\/www.pentestfactory.de\/en\/2024\/01\/\" rel=\"bookmark\">30. January 2024<\/a>\n<span class=\"raven-post-meta-divider\">\/\/<\/span>\n<span class=\"raven-post-meta-item raven-post-categories\"><a href=\"https:\/\/www.pentestfactory.de\/en\/specialist-article\/\" rel=\"tag\">Specialist article<\/a><\/span><\/div>\n\t\t<div class=\"raven-post-excerpt\">Especially for companies that operate larger infrastructures, a pentest can often provide more insights than is typically assumed. We show you how to interpret pentest results correctly and get the<\/div>\t\t<div class=\"raven-post-read-more\">\n\t\t\t<a class=\"raven-post-button\" href=\"https:\/\/www.pentestfactory.de\/en\/5-errors-in-pentest-results\/\"><span class=\"raven-post-button-text\">Weiterlesen<\/span><\/a>\n\t\t<\/div>\n\t\t\t\t\t\t<\/div>\n\t\t\t<\/div>\n\t\t<\/div>\n\t\t\t\t<div class=\"raven-grid-item raven-post-item post-42519 post type-post status-publish format-standard hentry category-news-en\">\n\t\t\t<div class=\"raven-post\">\n\t\t\t\t\t\t\t\t<div class=\"raven-post-content\">\n\t\t\t\t\t<h4 class=\"raven-post-title\"><a class=\"raven-post-title-link\" href=\"https:\/\/www.pentestfactory.de\/en\/pentest-factory-is-iso-27001-certified\/\">Pentest Factory is ISO 27001 certified<\/a><\/h4>\t\t<div class=\"raven-post-meta\"><a class=\"raven-post-meta-item raven-post-date\" href=\"https:\/\/www.pentestfactory.de\/en\/2023\/06\/\" rel=\"bookmark\">14. June 2023<\/a>\n<span class=\"raven-post-meta-divider\">\/\/<\/span>\n<span class=\"raven-post-meta-item raven-post-categories\"><a href=\"https:\/\/www.pentestfactory.de\/en\/news-en\/\" rel=\"tag\">News<\/a><\/span><\/div>\n\t\t<div class=\"raven-post-excerpt\">Pentest Factory GmbH receives ISO 27001 certification from T\u00dcV NORD CERT We are proud to announce that Pentest Factory GmbH has been successfully certified according to ISO 27001. T\u00dcV NORD<\/div>\t\t<div class=\"raven-post-read-more\">\n\t\t\t<a class=\"raven-post-button\" href=\"https:\/\/www.pentestfactory.de\/en\/pentest-factory-is-iso-27001-certified\/\"><span class=\"raven-post-button-text\">Weiterlesen<\/span><\/a>\n\t\t<\/div>\n\t\t\t\t\t\t<\/div>\n\t\t\t<\/div>\n\t\t<\/div>\n\t\t\t\t<\/div>\n\t\t<span class=\"raven-infinite-load\"><\/span>\t\t\t\t<\/div>\n\t\t\t\t<\/div>\n\t\t\t\t\t<\/div>\n\t\t<\/div>\n\t\t\t\t\t<\/div>\n\t\t<\/section>\n\t\t\t\t<\/div>\n\t\t","protected":false},"excerpt":{"rendered":"<p>News &amp; Specialist Articles We regularly publish news and specialist articles with insights into Pentest Factory and general developments in the field of penetration testing and cyber security. 5 Irrt\u00fcmer bei Pentest Ergebnissen 30. Januar 2024 \/\/ Fachartikel Insbesondere f\u00fcr Unternehmen, die gr\u00f6\u00dfere Infrastrukturen betreiben, k\u00f6nnen aus einem Pentest oft mehr Erkenntnisse gewonnen werden, als [&hellip;]<\/p>\n","protected":false},"author":4,"featured_media":0,"parent":0,"menu_order":0,"comment_status":"closed","ping_status":"closed","template":"","meta":{"_acf_changed":false,"footnotes":""},"class_list":["post-40040","page","type-page","status-publish","hentry"],"acf":[],"_links":{"self":[{"href":"https:\/\/www.pentestfactory.de\/en\/wp-json\/wp\/v2\/pages\/40040","targetHints":{"allow":["GET"]}}],"collection":[{"href":"https:\/\/www.pentestfactory.de\/en\/wp-json\/wp\/v2\/pages"}],"about":[{"href":"https:\/\/www.pentestfactory.de\/en\/wp-json\/wp\/v2\/types\/page"}],"author":[{"embeddable":true,"href":"https:\/\/www.pentestfactory.de\/en\/wp-json\/wp\/v2\/users\/4"}],"replies":[{"embeddable":true,"href":"https:\/\/www.pentestfactory.de\/en\/wp-json\/wp\/v2\/comments?post=40040"}],"version-history":[{"count":8,"href":"https:\/\/www.pentestfactory.de\/en\/wp-json\/wp\/v2\/pages\/40040\/revisions"}],"predecessor-version":[{"id":43254,"href":"https:\/\/www.pentestfactory.de\/en\/wp-json\/wp\/v2\/pages\/40040\/revisions\/43254"}],"wp:attachment":[{"href":"https:\/\/www.pentestfactory.de\/en\/wp-json\/wp\/v2\/media?parent=40040"}],"curies":[{"name":"wp","href":"https:\/\/api.w.org\/{rel}","templated":true}]}}